{"id":10840,"date":"2022-11-22T14:04:35","date_gmt":"2022-11-22T14:04:35","guid":{"rendered":"https:\/\/konstruktion.vamtam.com\/?page_id=10840"},"modified":"2024-10-02T00:37:51","modified_gmt":"2024-10-02T00:37:51","slug":"nancy-sanchez","status":"publish","type":"page","link":"https:\/\/sanchezdeharo.com\/en\/equipo\/nancy-sanchez\/","title":{"rendered":"Nancy S\u00e1nchez"},"content":{"rendered":"<div data-elementor-type=\"wp-page\" data-elementor-id=\"10840\" class=\"elementor elementor-10840\" data-elementor-post-type=\"page\">\n\t\t\t\t\t\t<section class=\"elementor-section elementor-top-section elementor-element elementor-element-64af845 elementor-section-boxed elementor-section-height-default elementor-section-height-default\" data-id=\"64af845\" data-element_type=\"section\">\n\t\t\t\t\t\t<div class=\"elementor-container elementor-column-gap-no\">\n\t\t\t\t\t<div class=\"elementor-column elementor-col-33 elementor-top-column elementor-element elementor-element-1039a2ae\" data-id=\"1039a2ae\" data-element_type=\"column\">\n\t\t\t<div class=\"elementor-widget-wrap elementor-element-populated\">\n\t\t\t\t\t\t<div class=\"elementor-element elementor-element-7ff45c33 elementor-widget elementor-widget-image\" data-id=\"7ff45c33\" data-element_type=\"widget\" data-widget_type=\"image.default\">\n\t\t\t\t<div class=\"elementor-widget-container\">\n\t\t\t\t\t\t\t\t\t\t\t\t\t\t\t<img loading=\"lazy\" decoding=\"async\" width=\"1707\" height=\"2560\" src=\"https:\/\/sanchezdeharo.com\/wp-content\/uploads\/2024\/06\/team-1-scaled.webp\" class=\"attachment-full size-full wp-image-987789\" alt=\"\" srcset=\"https:\/\/sanchezdeharo.com\/wp-content\/uploads\/2024\/06\/team-1-scaled.webp 1707w, https:\/\/sanchezdeharo.com\/wp-content\/uploads\/2024\/06\/team-1-200x300.webp 200w, https:\/\/sanchezdeharo.com\/wp-content\/uploads\/2024\/06\/team-1-683x1024.webp 683w, https:\/\/sanchezdeharo.com\/wp-content\/uploads\/2024\/06\/team-1-768x1152.webp 768w, https:\/\/sanchezdeharo.com\/wp-content\/uploads\/2024\/06\/team-1-1024x1536.webp 1024w, https:\/\/sanchezdeharo.com\/wp-content\/uploads\/2024\/06\/team-1-1365x2048.webp 1365w\" sizes=\"auto, (max-width: 1707px) 100vw, 1707px\" \/>\t\t\t\t\t\t\t\t\t\t\t\t\t\t\t<\/div>\n\t\t\t\t<\/div>\n\t\t\t\t\t<\/div>\n\t\t<\/div>\n\t\t\t\t<div class=\"elementor-column elementor-col-66 elementor-top-column elementor-element elementor-element-19a234f\" data-id=\"19a234f\" data-element_type=\"column\">\n\t\t\t<div class=\"elementor-widget-wrap elementor-element-populated\">\n\t\t\t\t\t\t<div class=\"vamtam-has-theme-widget-styles elementor-element elementor-element-9b0c5bb vamtam-has-underline-anim elementor-widget elementor-widget-button\" data-id=\"9b0c5bb\" data-element_type=\"widget\" data-widget_type=\"button.default\">\n\t\t\t\t<div class=\"elementor-widget-container\">\n\t\t\t\t\t\t\t\t\t<div class=\"elementor-button-wrapper\">\n\t\t\t\t\t<a class=\"elementor-button elementor-button-link elementor-size-sm\" href=\"https:\/\/sanchezdeharo.com\/en\/equipo\/\">\n\t\t\t\t\t\t<span class=\"elementor-button-content-wrapper\">\n\t\t\t\t\t\t<span class=\"elementor-button-icon\">\n\t\t\t\t<i aria-hidden=\"true\" class=\"vamtamtheme- vamtam-theme-arrow-left\"><\/i>\t\t\t<\/span>\n\t\t\t\t\t\t\t\t\t<span class=\"elementor-button-text\">Team<\/span>\n\t\t\t\t\t<\/span>\n\t\t\t\t\t<\/a>\n\t\t\t\t<\/div>\n\t\t\t\t\t\t\t\t<\/div>\n\t\t\t\t<\/div>\n\t\t\t\t<div class=\"elementor-element elementor-element-d4be1f5 elementor-widget elementor-widget-heading\" data-id=\"d4be1f5\" data-element_type=\"widget\" data-widget_type=\"heading.default\">\n\t\t\t\t<div class=\"elementor-widget-container\">\n\t\t\t\t\t<h4 class=\"elementor-heading-title elementor-size-default\">Direcci\u00f3n de proyectos arquitect\u00f3nicos<\/h4>\t\t\t\t<\/div>\n\t\t\t\t<\/div>\n\t\t\t\t<div class=\"elementor-element elementor-element-53174e32 elementor-widget elementor-widget-text-editor\" data-id=\"53174e32\" data-element_type=\"widget\" data-widget_type=\"text-editor.default\">\n\t\t\t\t<div class=\"elementor-widget-container\">\n\t\t\t\t\t\t\t\t\t<p>Apasionada del interiorismo y la iluminaci\u00f3n. Arquitecta con m\u00e1s de 10 a\u00f1os de experiencia en el dise\u00f1o, construcci\u00f3n y coordinaci\u00f3n de proyectos ejecutivos. Creatividad como estilo de vida.\u00a0<\/p>\t\t\t\t\t\t\t\t<\/div>\n\t\t\t\t<\/div>\n\t\t\t\t<div class=\"vamtam-has-theme-widget-styles elementor-element elementor-element-609303c4 vamtam-has-underline-anim elementor-widget elementor-widget-button\" data-id=\"609303c4\" data-element_type=\"widget\" data-widget_type=\"button.default\">\n\t\t\t\t<div class=\"elementor-widget-container\">\n\t\t\t\t\t\t\t\t\t<div class=\"elementor-button-wrapper\">\n\t\t\t\t\t<a class=\"elementor-button elementor-size-sm\" role=\"button\">\n\t\t\t\t\t\t<span class=\"elementor-button-content-wrapper\">\n\t\t\t\t\t\t\t\t\t<span class=\"elementor-button-text\">Conectar<\/span>\n\t\t\t\t\t<\/span>\n\t\t\t\t\t<\/a>\n\t\t\t\t<\/div>\n\t\t\t\t\t\t\t\t<\/div>\n\t\t\t\t<\/div>\n\t\t\t\t\t<\/div>\n\t\t<\/div>\n\t\t\t\t\t<\/div>\n\t\t<\/section>\n\t\t\t\t<\/div>","protected":false},"excerpt":{"rendered":"<p><b>Architectural Projects Director.<br \/>\n<\/b><br \/>\n<br \/>\nArchitect with over 9 years of experience in the construction and design of architectural projects.<\/p>","protected":false},"author":1,"featured_media":987789,"parent":812,"menu_order":0,"comment_status":"closed","ping_status":"closed","template":"","meta":{"nf_dc_page":"","footnotes":""},"class_list":["post-10840","page","type-page","status-publish","has-post-thumbnail","hentry"],"_links":{"self":[{"href":"https:\/\/sanchezdeharo.com\/en\/wp-json\/wp\/v2\/pages\/10840","targetHints":{"allow":["GET"]}}],"collection":[{"href":"https:\/\/sanchezdeharo.com\/en\/wp-json\/wp\/v2\/pages"}],"about":[{"href":"https:\/\/sanchezdeharo.com\/en\/wp-json\/wp\/v2\/types\/page"}],"author":[{"embeddable":true,"href":"https:\/\/sanchezdeharo.com\/en\/wp-json\/wp\/v2\/users\/1"}],"replies":[{"embeddable":true,"href":"https:\/\/sanchezdeharo.com\/en\/wp-json\/wp\/v2\/comments?post=10840"}],"version-history":[{"count":11,"href":"https:\/\/sanchezdeharo.com\/en\/wp-json\/wp\/v2\/pages\/10840\/revisions"}],"predecessor-version":[{"id":988048,"href":"https:\/\/sanchezdeharo.com\/en\/wp-json\/wp\/v2\/pages\/10840\/revisions\/988048"}],"up":[{"embeddable":true,"href":"https:\/\/sanchezdeharo.com\/en\/wp-json\/wp\/v2\/pages\/812"}],"wp:featuredmedia":[{"embeddable":true,"href":"https:\/\/sanchezdeharo.com\/en\/wp-json\/wp\/v2\/media\/987789"}],"wp:attachment":[{"href":"https:\/\/sanchezdeharo.com\/en\/wp-json\/wp\/v2\/media?parent=10840"}],"curies":[{"name":"wp","href":"https:\/\/api.w.org\/{rel}","templated":true}]}}